{"id":709,"date":"2026-01-24T11:56:13","date_gmt":"2026-01-24T10:56:13","guid":{"rendered":"https:\/\/www.crmeforiental.com\/learn\/?page_id=709"},"modified":"2026-01-24T11:56:13","modified_gmt":"2026-01-24T10:56:13","slug":"e-learning-home","status":"publish","type":"page","link":"https:\/\/www.crmeforiental.com\/learn\/e-learning-home\/","title":{"rendered":"E-LEARNING HOME"},"content":{"rendered":"<div class=\"dp-final-wrapper\">\n<div class=\"dp-final-container\">\n<div class=\"dp-final-content\">\n<h2 class=\"dp-final-title\">Mat\u00e9riels P\u00e9dagogiques<\/h2>\n<p class=\"dp-final-subtitle\">Cliquez sur les mati\u00e8res pour explorer les ressources<\/p>\n<div class=\"dp-final-grid\">\n<div class=\"dp-final-card\">\n          <a href=\"#\" class=\"dp-final-card-link\"><\/p>\n<div class=\"dp-final-image-box\">\n              <img decoding=\"async\" src=\"https:\/\/www.crmeforiental.com\/learningdraft\/wp-content\/uploads\/2026\/01\/math.png\" alt=\"Math\u00e9matiques\" class=\"dp-final-image\">\n            <\/div>\n<div class=\"dp-final-overlay\"><span class=\"dp-final-subject\">Math\u00e9matiques<\/span><\/div>\n<p>          <\/a>\n        <\/div>\n<div class=\"dp-final-card\">\n          <a href=\"#\" class=\"dp-final-card-link\"><\/p>\n<div class=\"dp-final-image-box\">\n              <img decoding=\"async\" src=\"https:\/\/www.crmeforiental.com\/learningdraft\/wp-content\/uploads\/2026\/01\/physique.png\" alt=\"Physique\" class=\"dp-final-image\">\n            <\/div>\n<div class=\"dp-final-overlay\"><span class=\"dp-final-subject\">Physique<\/span><\/div>\n<p>          <\/a>\n        <\/div>\n<div class=\"dp-final-card\">\n          <a href=\"#\" class=\"dp-final-card-link\"><\/p>\n<div class=\"dp-final-image-box\">\n              <img decoding=\"async\" src=\"https:\/\/www.crmeforiental.com\/learningdraft\/wp-content\/uploads\/2026\/01\/informatique.png\" alt=\"Informatique\" class=\"dp-final-image\">\n            <\/div>\n<div class=\"dp-final-overlay\"><span class=\"dp-final-subject\">Informatique<\/span><\/div>\n<p>          <\/a>\n        <\/div>\n<div class=\"dp-final-card\">\n          <a href=\"#\" class=\"dp-final-card-link\"><\/p>\n<div class=\"dp-final-image-box\">\n              <img decoding=\"async\" src=\"https:\/\/www.crmeforiental.com\/learningdraft\/wp-content\/uploads\/2026\/01\/svt.png\" alt=\"Sciences de la Vie et de la Terre\" class=\"dp-final-image\">\n            <\/div>\n<div class=\"dp-final-overlay\"><span class=\"dp-final-subject\">SVT<\/span><\/div>\n<p>          <\/a>\n        <\/div>\n<div class=\"dp-final-card\">\n          <a href=\"#\" class=\"dp-final-card-link\"><\/p>\n<div class=\"dp-final-image-box\">\n              <img decoding=\"async\" src=\"https:\/\/www.crmeforiental.com\/learningdraft\/wp-content\/uploads\/2026\/01\/french.png\" alt=\"Fran\u00e7ais\" class=\"dp-final-image\">\n            <\/div>\n<div class=\"dp-final-overlay\"><span class=\"dp-final-subject\">Fran\u00e7ais<\/span><\/div>\n<p>          <\/a>\n        <\/div>\n<div class=\"dp-final-card\">\n          <a href=\"#\" class=\"dp-final-card-link\"><\/p>\n<div class=\"dp-final-image-box\">\n              <img decoding=\"async\" src=\"https:\/\/www.crmeforiental.com\/learningdraft\/wp-content\/uploads\/2026\/01\/anglais.png\" alt=\"Anglais\" class=\"dp-final-image\">\n            <\/div>\n<div class=\"dp-final-overlay\"><span class=\"dp-final-subject\">Anglais<\/span><\/div>\n<p>          <\/a>\n        <\/div>\n<\/p><\/div>\n<\/p><\/div>\n<\/p><\/div>\n<\/div>\n","protected":false},"excerpt":{"rendered":"<p>Mat\u00e9riels P\u00e9dagogiques Cliquez sur les mati\u00e8res pour explorer les ressources Math\u00e9matiques Physique Informatique SVT Fran\u00e7ais Anglais<\/p>\n","protected":false},"author":1,"featured_media":0,"parent":0,"menu_order":0,"comment_status":"closed","ping_status":"closed","template":"","meta":{"footnotes":""},"class_list":["post-709","page","type-page","status-publish","hentry"],"_links":{"self":[{"href":"https:\/\/www.crmeforiental.com\/learn\/wp-json\/wp\/v2\/pages\/709","targetHints":{"allow":["GET"]}}],"collection":[{"href":"https:\/\/www.crmeforiental.com\/learn\/wp-json\/wp\/v2\/pages"}],"about":[{"href":"https:\/\/www.crmeforiental.com\/learn\/wp-json\/wp\/v2\/types\/page"}],"author":[{"embeddable":true,"href":"https:\/\/www.crmeforiental.com\/learn\/wp-json\/wp\/v2\/users\/1"}],"replies":[{"embeddable":true,"href":"https:\/\/www.crmeforiental.com\/learn\/wp-json\/wp\/v2\/comments?post=709"}],"version-history":[{"count":1,"href":"https:\/\/www.crmeforiental.com\/learn\/wp-json\/wp\/v2\/pages\/709\/revisions"}],"predecessor-version":[{"id":712,"href":"https:\/\/www.crmeforiental.com\/learn\/wp-json\/wp\/v2\/pages\/709\/revisions\/712"}],"wp:attachment":[{"href":"https:\/\/www.crmeforiental.com\/learn\/wp-json\/wp\/v2\/media?parent=709"}],"curies":[{"name":"wp","href":"https:\/\/api.w.org\/{rel}","templated":true}]}}